{"id":17520,"date":"2020-11-03T22:31:39","date_gmt":"2020-11-04T03:31:39","guid":{"rendered":"https:\/\/documens.net\/a-propos\/"},"modified":"2024-02-15T14:23:37","modified_gmt":"2024-02-15T19:23:37","slug":"traduction-documens-sep-a-propos","status":"publish","type":"page","link":"https:\/\/documens.net\/fr-ca\/traduction-documens-sep-a-propos\/","title":{"rendered":"\u00c0 propos"},"content":{"rendered":"\t\t<div data-elementor-type=\"wp-page\" data-elementor-id=\"17520\" class=\"elementor elementor-17520\" data-elementor-post-type=\"page\">\n\t\t\t\t\t\t<section data-particle_enable=\"false\" data-particle-mobile-disabled=\"false\" class=\"elementor-section elementor-top-section elementor-element elementor-element-91ffebe elementor-section-full_width elementor-section-height-default elementor-section-height-default\" data-id=\"91ffebe\" data-element_type=\"section\">\n\t\t\t\t\t\t<div class=\"elementor-container elementor-column-gap-default\">\n\t\t\t\t\t<div class=\"elementor-column elementor-col-100 elementor-top-column elementor-element elementor-element-8412b1d\" data-id=\"8412b1d\" data-element_type=\"column\">\n\t\t\t<div class=\"elementor-widget-wrap elementor-element-populated\">\n\t\t\t\t\t\t<div class=\"elementor-element elementor-element-0e1c66d elementor-absolute elementor-hidden-tablet elementor-hidden-phone elementor-invisible elementor-widget elementor-widget-image\" data-id=\"0e1c66d\" data-element_type=\"widget\" data-settings=\"{&quot;_animation&quot;:&quot;fadeInRight&quot;,&quot;_position&quot;:&quot;absolute&quot;}\" data-widget_type=\"image.default\">\n\t\t\t\t<div class=\"elementor-widget-container\">\n\t\t\t\t\t\t\t\t\t\t\t\t\t<img fetchpriority=\"high\" decoding=\"async\" width=\"768\" height=\"761\" src=\"https:\/\/documens.net\/wp-content\/uploads\/Documens_IMG_Contact-Header@2x-min-768x761.png\" class=\"attachment-medium_large size-medium_large wp-image-188\" alt=\"\" srcset=\"https:\/\/documens.net\/wp-content\/uploads\/Documens_IMG_Contact-Header@2x-min-768x761.png 768w, https:\/\/documens.net\/wp-content\/uploads\/Documens_IMG_Contact-Header@2x-min-300x297.png 300w, https:\/\/documens.net\/wp-content\/uploads\/Documens_IMG_Contact-Header@2x-min-1024x1015.png 1024w, https:\/\/documens.net\/wp-content\/uploads\/Documens_IMG_Contact-Header@2x-min-150x150.png 150w, https:\/\/documens.net\/wp-content\/uploads\/Documens_IMG_Contact-Header@2x-min-1536x1523.png 1536w, https:\/\/documens.net\/wp-content\/uploads\/Documens_IMG_Contact-Header@2x-min.png 1614w\" sizes=\"(max-width: 768px) 100vw, 768px\" \/>\t\t\t\t\t\t\t\t\t\t\t\t\t<\/div>\n\t\t\t\t<\/div>\n\t\t\t\t\t<\/div>\n\t\t<\/div>\n\t\t\t\t\t<\/div>\n\t\t<\/section>\n\t\t\t\t<section data-particle_enable=\"false\" data-particle-mobile-disabled=\"false\" class=\"elementor-section elementor-top-section elementor-element elementor-element-19f4535 elementor-section-height-min-height elementor-section-items-top elementor-section-boxed elementor-section-height-default\" data-id=\"19f4535\" data-element_type=\"section\" data-settings=\"{&quot;motion_fx_motion_fx_scrolling&quot;:&quot;yes&quot;,&quot;motion_fx_devices&quot;:[&quot;desktop&quot;,&quot;tablet&quot;,&quot;mobile&quot;]}\">\n\t\t\t\t\t\t<div class=\"elementor-container elementor-column-gap-default\">\n\t\t\t\t\t<div class=\"elementor-column elementor-col-33 elementor-top-column elementor-element elementor-element-4855344\" data-id=\"4855344\" data-element_type=\"column\">\n\t\t\t<div class=\"elementor-widget-wrap elementor-element-populated\">\n\t\t\t\t\t\t<div class=\"elementor-element elementor-element-7188bd8 elementor-widget elementor-widget-heading\" data-id=\"7188bd8\" data-element_type=\"widget\" data-widget_type=\"heading.default\">\n\t\t\t\t<div class=\"elementor-widget-container\">\n\t\t\t<h1 class=\"elementor-heading-title elementor-size-default\">\u00c0 propos de Documens <\/h1>\t\t<\/div>\n\t\t\t\t<\/div>\n\t\t\t\t<div class=\"elementor-element elementor-element-6180e95 elementor-widget elementor-widget-text-editor\" data-id=\"6180e95\" data-element_type=\"widget\" data-widget_type=\"text-editor.default\">\n\t\t\t\t<div class=\"elementor-widget-container\">\n\t\t\t\t\t\t\t<p>Documens est un partenaire d\u2019affaires sp\u00e9cialis\u00e9 en traduction et en localisation de contenus des plus diversifi\u00e9s. Qu\u2019il s\u2019agisse de fiches techniques, de formations, de pr\u00e9sentations, de guides d\u2019utilisation, de communications web ou imprim\u00e9es, de rapports financiers, nous avons la technologie, l\u2019expertise et l\u2019infrastructure n\u00e9cessaires pour soutenir vos initiatives linguistiques. Nous sommes en mesure de r\u00e9aliser de A \u00e0 Z tout projet li\u00e9 \u00e0 la production de documents, de logiciels, de sites Internet, etc.<\/p>\t\t\t\t\t\t<\/div>\n\t\t\t\t<\/div>\n\t\t\t\t\t<\/div>\n\t\t<\/div>\n\t\t\t\t<div class=\"elementor-column elementor-col-66 elementor-top-column elementor-element elementor-element-9428afe\" data-id=\"9428afe\" data-element_type=\"column\">\n\t\t\t<div class=\"elementor-widget-wrap\">\n\t\t\t\t\t\t\t<\/div>\n\t\t<\/div>\n\t\t\t\t\t<\/div>\n\t\t<\/section>\n\t\t\t\t<section data-particle_enable=\"false\" data-particle-mobile-disabled=\"false\" class=\"elementor-section elementor-top-section elementor-element elementor-element-6941a6a elementor-section-boxed elementor-section-height-default elementor-section-height-default\" data-id=\"6941a6a\" data-element_type=\"section\" data-settings=\"{&quot;background_background&quot;:&quot;classic&quot;}\">\n\t\t\t\t\t\t<div class=\"elementor-container elementor-column-gap-default\">\n\t\t\t\t\t<div class=\"elementor-column elementor-col-50 elementor-top-column elementor-element elementor-element-e66a8b9\" data-id=\"e66a8b9\" data-element_type=\"column\">\n\t\t\t<div class=\"elementor-widget-wrap elementor-element-populated\">\n\t\t\t\t\t\t<div class=\"elementor-element elementor-element-3d8a7f3 elementor-widget elementor-widget-image\" data-id=\"3d8a7f3\" data-element_type=\"widget\" data-widget_type=\"image.default\">\n\t\t\t\t<div class=\"elementor-widget-container\">\n\t\t\t\t\t\t\t\t\t\t\t\t\t<img decoding=\"async\" width=\"449\" height=\"449\" src=\"https:\/\/documens.net\/wp-content\/uploads\/Documens_IMG_A-propos-01.png\" class=\"attachment-large size-large wp-image-16609\" alt=\"\" srcset=\"https:\/\/documens.net\/wp-content\/uploads\/Documens_IMG_A-propos-01.png 449w, https:\/\/documens.net\/wp-content\/uploads\/Documens_IMG_A-propos-01-300x300.png 300w, https:\/\/documens.net\/wp-content\/uploads\/Documens_IMG_A-propos-01-150x150.png 150w\" sizes=\"(max-width: 449px) 100vw, 449px\" \/>\t\t\t\t\t\t\t\t\t\t\t\t\t<\/div>\n\t\t\t\t<\/div>\n\t\t\t\t\t<\/div>\n\t\t<\/div>\n\t\t\t\t<div class=\"elementor-column elementor-col-50 elementor-top-column elementor-element elementor-element-9dc64dc\" data-id=\"9dc64dc\" data-element_type=\"column\">\n\t\t\t<div class=\"elementor-widget-wrap elementor-element-populated\">\n\t\t\t\t\t\t<div class=\"elementor-element elementor-element-1cc8cc1 elementor-widget elementor-widget-text-editor\" data-id=\"1cc8cc1\" data-element_type=\"widget\" data-widget_type=\"text-editor.default\">\n\t\t\t\t<div class=\"elementor-widget-container\">\n\t\t\t\t\t\t\t<p>Documens a c\u00e9l\u00e9br\u00e9 en 2019 ses 20\u00a0ans d\u2019existence. \u00c0 la traduction \u2013 pierre d\u2019assise de l\u2019entreprise \u2013 se greffent des services de r\u00e9vision, de localisation, de transcr\u00e9ation, de gestion de contenus multilingues, de gestion terminologique et d\u2019\u00e9ditique. En 2021, nous pouvons compter sur une \u00e9quipe de jeunes v\u00e9t\u00e9rans de l\u2019industrie qui n\u2019ont qu\u2019un seul objectif\u00a0: vous livrer des communications qui rehausseront encore plus l\u2019image de votre entreprise.<\/p>\t\t\t\t\t\t<\/div>\n\t\t\t\t<\/div>\n\t\t\t\t\t<\/div>\n\t\t<\/div>\n\t\t\t\t\t<\/div>\n\t\t<\/section>\n\t\t\t\t<section data-particle_enable=\"false\" data-particle-mobile-disabled=\"false\" class=\"elementor-section elementor-top-section elementor-element elementor-element-f513924 elementor-section-boxed elementor-section-height-default elementor-section-height-default\" data-id=\"f513924\" data-element_type=\"section\" data-settings=\"{&quot;background_background&quot;:&quot;classic&quot;}\">\n\t\t\t\t\t\t<div class=\"elementor-container elementor-column-gap-default\">\n\t\t\t\t\t<div class=\"elementor-column elementor-col-50 elementor-top-column elementor-element elementor-element-1510e84\" data-id=\"1510e84\" data-element_type=\"column\">\n\t\t\t<div class=\"elementor-widget-wrap elementor-element-populated\">\n\t\t\t\t\t\t<div class=\"elementor-element elementor-element-3c6d893 elementor-widget elementor-widget-heading\" data-id=\"3c6d893\" data-element_type=\"widget\" data-widget_type=\"heading.default\">\n\t\t\t\t<div class=\"elementor-widget-container\">\n\t\t\t<h2 class=\"elementor-heading-title elementor-size-default\">Commen\u00e7ons votre projet d\u00e8s aujourd\u2019hui<\/h2>\t\t<\/div>\n\t\t\t\t<\/div>\n\t\t\t\t<div class=\"elementor-element elementor-element-3675c53 elementor-widget elementor-widget-spacer\" data-id=\"3675c53\" data-element_type=\"widget\" data-widget_type=\"spacer.default\">\n\t\t\t\t<div class=\"elementor-widget-container\">\n\t\t\t\t\t<div class=\"elementor-spacer\">\n\t\t\t<div class=\"elementor-spacer-inner\"><\/div>\n\t\t<\/div>\n\t\t\t\t<\/div>\n\t\t\t\t<\/div>\n\t\t\t\t<div class=\"elementor-element elementor-element-81e0b9b elementor-align-left elementor-widget elementor-widget-button\" data-id=\"81e0b9b\" data-element_type=\"widget\" data-widget_type=\"button.default\">\n\t\t\t\t<div class=\"elementor-widget-container\">\n\t\t\t\t\t<div class=\"elementor-button-wrapper\">\n\t\t\t<a class=\"elementor-button elementor-button-link elementor-size-lg\" href=\"https:\/\/documens.net\/devis\/\">\n\t\t\t\t\t\t<span class=\"elementor-button-content-wrapper\">\n\t\t\t\t\t\t<span class=\"elementor-button-text\">Envoyer votre document<\/span>\n\t\t<\/span>\n\t\t\t\t\t<\/a>\n\t\t<\/div>\n\t\t\t\t<\/div>\n\t\t\t\t<\/div>\n\t\t\t\t\t<\/div>\n\t\t<\/div>\n\t\t\t\t<div class=\"elementor-column elementor-col-50 elementor-top-column elementor-element elementor-element-0293c08\" data-id=\"0293c08\" data-element_type=\"column\">\n\t\t\t<div class=\"elementor-widget-wrap\">\n\t\t\t\t\t\t\t<\/div>\n\t\t<\/div>\n\t\t\t\t\t<\/div>\n\t\t<\/section>\n\t\t\t\t<\/div>\n\t\t","protected":false},"excerpt":{"rendered":"<p>\u00c0 propos de Documens Documens est un partenaire d\u2019affaires sp\u00e9cialis\u00e9 en traduction et en localisation de contenus des plus diversifi\u00e9s. Qu\u2019il s\u2019agisse de fiches techniques, de formations, de pr\u00e9sentations, de guides d\u2019utilisation, de communications web ou imprim\u00e9es, de rapports financiers, nous avons la technologie, l\u2019expertise et l\u2019infrastructure n\u00e9cessaires pour soutenir vos initiatives linguistiques. Nous sommes [&hellip;]<\/p>\n","protected":false},"author":1,"featured_media":0,"parent":0,"menu_order":0,"comment_status":"closed","ping_status":"closed","template":"","meta":{"_seopress_robots_primary_cat":"","_seopress_titles_title":"Traduction Documens %%sep%% \u00c0 propos ","_seopress_titles_desc":"","_seopress_robots_index":"","site-sidebar-layout":"no-sidebar","site-content-layout":"page-builder","ast-site-content-layout":"","site-content-style":"default","site-sidebar-style":"default","ast-global-header-display":"","ast-banner-title-visibility":"","ast-main-header-display":"","ast-hfb-above-header-display":"","ast-hfb-below-header-display":"","ast-hfb-mobile-header-display":"","site-post-title":"disabled","ast-breadcrumbs-content":"","ast-featured-img":"disabled","footer-sml-layout":"","theme-transparent-header-meta":"default","adv-header-id-meta":"","stick-header-meta":"","header-above-stick-meta":"","header-main-stick-meta":"","header-below-stick-meta":"","astra-migrate-meta-layouts":"default","ast-page-background-enabled":"default","ast-page-background-meta":{"desktop":{"background-color":"","background-image":"","background-repeat":"repeat","background-position":"center center","background-size":"auto","background-attachment":"scroll","background-type":"","background-media":"","overlay-type":"","overlay-color":"","overlay-gradient":""},"tablet":{"background-color":"","background-image":"","background-repeat":"repeat","background-position":"center center","background-size":"auto","background-attachment":"scroll","background-type":"","background-media":"","overlay-type":"","overlay-color":"","overlay-gradient":""},"mobile":{"background-color":"","background-image":"","background-repeat":"repeat","background-position":"center center","background-size":"auto","background-attachment":"scroll","background-type":"","background-media":"","overlay-type":"","overlay-color":"","overlay-gradient":""}},"ast-content-background-meta":{"desktop":{"background-color":"var(--ast-global-color-5)","background-image":"","background-repeat":"repeat","background-position":"center center","background-size":"auto","background-attachment":"scroll","background-type":"","background-media":"","overlay-type":"","overlay-color":"","overlay-gradient":""},"tablet":{"background-color":"var(--ast-global-color-5)","background-image":"","background-repeat":"repeat","background-position":"center center","background-size":"auto","background-attachment":"scroll","background-type":"","background-media":"","overlay-type":"","overlay-color":"","overlay-gradient":""},"mobile":{"background-color":"var(--ast-global-color-5)","background-image":"","background-repeat":"repeat","background-position":"center center","background-size":"auto","background-attachment":"scroll","background-type":"","background-media":"","overlay-type":"","overlay-color":"","overlay-gradient":""}},"footnotes":""},"class_list":["post-17520","page","type-page","status-publish","hentry"],"acf":[],"_links":{"self":[{"href":"https:\/\/documens.net\/fr-ca\/wp-json\/wp\/v2\/pages\/17520"}],"collection":[{"href":"https:\/\/documens.net\/fr-ca\/wp-json\/wp\/v2\/pages"}],"about":[{"href":"https:\/\/documens.net\/fr-ca\/wp-json\/wp\/v2\/types\/page"}],"author":[{"embeddable":true,"href":"https:\/\/documens.net\/fr-ca\/wp-json\/wp\/v2\/users\/1"}],"replies":[{"embeddable":true,"href":"https:\/\/documens.net\/fr-ca\/wp-json\/wp\/v2\/comments?post=17520"}],"version-history":[{"count":1,"href":"https:\/\/documens.net\/fr-ca\/wp-json\/wp\/v2\/pages\/17520\/revisions"}],"predecessor-version":[{"id":18061,"href":"https:\/\/documens.net\/fr-ca\/wp-json\/wp\/v2\/pages\/17520\/revisions\/18061"}],"wp:attachment":[{"href":"https:\/\/documens.net\/fr-ca\/wp-json\/wp\/v2\/media?parent=17520"}],"curies":[{"name":"wp","href":"https:\/\/api.w.org\/{rel}","templated":true}]}}