{"id":17531,"date":"2020-11-01T19:03:55","date_gmt":"2020-11-02T00:03:55","guid":{"rendered":"https:\/\/documens.net\/traduction\/"},"modified":"2024-02-15T14:59:39","modified_gmt":"2024-02-15T19:59:39","slug":"traduction-documens-sep-services-de-traduction","status":"publish","type":"page","link":"https:\/\/documens.net\/fr-ca\/traduction-documens-nos-services\/traduction-documens-sep-services-de-traduction\/","title":{"rendered":"Traduction"},"content":{"rendered":"\t\t<div data-elementor-type=\"wp-page\" data-elementor-id=\"17531\" class=\"elementor elementor-17531\" data-elementor-post-type=\"page\">\n\t\t\t\t\t\t<section data-particle_enable=\"false\" data-particle-mobile-disabled=\"false\" class=\"elementor-section elementor-top-section elementor-element elementor-element-d8fcc9f elementor-section-full_width elementor-section-height-default elementor-section-height-default\" data-id=\"d8fcc9f\" data-element_type=\"section\">\n\t\t\t\t\t\t<div class=\"elementor-container elementor-column-gap-default\">\n\t\t\t\t\t<div class=\"elementor-column elementor-col-100 elementor-top-column elementor-element elementor-element-0f87603\" data-id=\"0f87603\" data-element_type=\"column\">\n\t\t\t<div class=\"elementor-widget-wrap elementor-element-populated\">\n\t\t\t\t\t\t<div class=\"elementor-element elementor-element-1944619 elementor-absolute elementor-hidden-tablet elementor-hidden-phone elementor-invisible elementor-widget elementor-widget-image\" data-id=\"1944619\" data-element_type=\"widget\" data-settings=\"{&quot;_animation&quot;:&quot;fadeInLeft&quot;,&quot;_position&quot;:&quot;absolute&quot;}\" data-widget_type=\"image.default\">\n\t\t\t\t<div class=\"elementor-widget-container\">\n\t\t\t\t\t\t\t\t\t\t\t\t\t<img fetchpriority=\"high\" decoding=\"async\" width=\"1380\" height=\"1124\" src=\"https:\/\/documens.net\/wp-content\/uploads\/Documens_IMG_Carriere_Header@2x-e1605575084177.png\" class=\"attachment-full size-full wp-image-17516\" alt=\"\" srcset=\"https:\/\/documens.net\/wp-content\/uploads\/Documens_IMG_Carriere_Header@2x-e1605575084177.png 1380w, https:\/\/documens.net\/wp-content\/uploads\/Documens_IMG_Carriere_Header@2x-e1605575084177-300x244.png 300w, https:\/\/documens.net\/wp-content\/uploads\/Documens_IMG_Carriere_Header@2x-e1605575084177-1024x834.png 1024w, https:\/\/documens.net\/wp-content\/uploads\/Documens_IMG_Carriere_Header@2x-e1605575084177-768x626.png 768w\" sizes=\"(max-width: 1380px) 100vw, 1380px\" \/>\t\t\t\t\t\t\t\t\t\t\t\t\t<\/div>\n\t\t\t\t<\/div>\n\t\t\t\t<div class=\"elementor-element elementor-element-4235e2a elementor-absolute elementor-hidden-tablet elementor-hidden-phone elementor-invisible elementor-widget elementor-widget-image\" data-id=\"4235e2a\" data-element_type=\"widget\" data-settings=\"{&quot;_animation&quot;:&quot;fadeInDown&quot;,&quot;_position&quot;:&quot;absolute&quot;,&quot;_animation_delay&quot;:500}\" data-widget_type=\"image.default\">\n\t\t\t\t<div class=\"elementor-widget-container\">\n\t\t\t\t\t\t\t\t\t\t\t\t\t<img decoding=\"async\" src=\"https:\/\/documens.net\/wp-content\/uploads\/BG_texte-ouverture.svg\" title=\"\" alt=\"\" loading=\"lazy\" \/>\t\t\t\t\t\t\t\t\t\t\t\t\t<\/div>\n\t\t\t\t<\/div>\n\t\t\t\t\t<\/div>\n\t\t<\/div>\n\t\t\t\t\t<\/div>\n\t\t<\/section>\n\t\t\t\t<section data-particle_enable=\"false\" data-particle-mobile-disabled=\"false\" class=\"elementor-section elementor-top-section elementor-element elementor-element-d28da7a elementor-section-height-min-height elementor-section-items-top elementor-section-boxed elementor-section-height-default\" data-id=\"d28da7a\" data-element_type=\"section\" data-settings=\"{&quot;motion_fx_motion_fx_scrolling&quot;:&quot;yes&quot;,&quot;motion_fx_devices&quot;:[&quot;desktop&quot;,&quot;tablet&quot;,&quot;mobile&quot;]}\">\n\t\t\t\t\t\t<div class=\"elementor-container elementor-column-gap-default\">\n\t\t\t\t\t<div class=\"elementor-column elementor-col-50 elementor-top-column elementor-element elementor-element-42bccfa\" data-id=\"42bccfa\" data-element_type=\"column\">\n\t\t\t<div class=\"elementor-widget-wrap elementor-element-populated\">\n\t\t\t\t\t\t<div class=\"elementor-element elementor-element-f2499ec elementor-widget elementor-widget-heading\" data-id=\"f2499ec\" data-element_type=\"widget\" data-widget_type=\"heading.default\">\n\t\t\t\t<div class=\"elementor-widget-container\">\n\t\t\t<h1 class=\"elementor-heading-title elementor-size-default\">Traduction<\/h1>\t\t<\/div>\n\t\t\t\t<\/div>\n\t\t\t\t\t<\/div>\n\t\t<\/div>\n\t\t\t\t<div class=\"elementor-column elementor-col-50 elementor-top-column elementor-element elementor-element-df68654\" data-id=\"df68654\" data-element_type=\"column\">\n\t\t\t<div class=\"elementor-widget-wrap elementor-element-populated\">\n\t\t\t\t\t\t<div class=\"elementor-element elementor-element-43f095d elementor-widget elementor-widget-text-editor\" data-id=\"43f095d\" data-element_type=\"widget\" data-widget_type=\"text-editor.default\">\n\t\t\t\t<div class=\"elementor-widget-container\">\n\t\t\t\t\t\t\t<p>Traduire est un processus bien plus complexe que le simple remplacement des mots de la langue de d\u00e9part (la langue source) par ceux d\u2019une autre langue (la langue cible). Documens peut compter sur une \u00e9quipe de professionnels en sciences langagi\u00e8res pour vous offrir des traductions et des adaptations de haute qualit\u00e9, qui refl\u00e8tent fid\u00e8lement le contenu et le style de vos documents d\u2019origine.<\/p>\t\t\t\t\t\t<\/div>\n\t\t\t\t<\/div>\n\t\t\t\t<div class=\"elementor-element elementor-element-1770df1 elementor-align-left elementor-widget elementor-widget-button\" data-id=\"1770df1\" data-element_type=\"widget\" data-widget_type=\"button.default\">\n\t\t\t\t<div class=\"elementor-widget-container\">\n\t\t\t\t\t<div class=\"elementor-button-wrapper\">\n\t\t\t<a class=\"elementor-button elementor-button-link elementor-size-lg\" href=\"https:\/\/documens.net\/devis\/\">\n\t\t\t\t\t\t<span class=\"elementor-button-content-wrapper\">\n\t\t\t\t\t\t<span class=\"elementor-button-text\">Obtenir un devis<\/span>\n\t\t<\/span>\n\t\t\t\t\t<\/a>\n\t\t<\/div>\n\t\t\t\t<\/div>\n\t\t\t\t<\/div>\n\t\t\t\t\t<\/div>\n\t\t<\/div>\n\t\t\t\t\t<\/div>\n\t\t<\/section>\n\t\t\t\t<section data-particle_enable=\"false\" data-particle-mobile-disabled=\"false\" class=\"elementor-section elementor-top-section elementor-element elementor-element-93c5401 elementor-section-boxed elementor-section-height-default elementor-section-height-default\" data-id=\"93c5401\" data-element_type=\"section\">\n\t\t\t\t\t\t<div class=\"elementor-container elementor-column-gap-default\">\n\t\t\t\t\t<div class=\"elementor-column elementor-col-50 elementor-top-column elementor-element elementor-element-1cbcbfb\" data-id=\"1cbcbfb\" data-element_type=\"column\">\n\t\t\t<div class=\"elementor-widget-wrap elementor-element-populated\">\n\t\t\t\t\t\t<div class=\"elementor-element elementor-element-66e7736 elementor-widget elementor-widget-image\" data-id=\"66e7736\" data-element_type=\"widget\" data-widget_type=\"image.default\">\n\t\t\t\t<div class=\"elementor-widget-container\">\n\t\t\t\t\t\t\t\t\t\t\t\t\t<img decoding=\"async\" width=\"449\" height=\"449\" src=\"https:\/\/documens.net\/wp-content\/uploads\/Documens_IMG_Service-Revision.png\" class=\"attachment-large size-large wp-image-17530\" alt=\"\" srcset=\"https:\/\/documens.net\/wp-content\/uploads\/Documens_IMG_Service-Revision.png 449w, https:\/\/documens.net\/wp-content\/uploads\/Documens_IMG_Service-Revision-300x300.png 300w, https:\/\/documens.net\/wp-content\/uploads\/Documens_IMG_Service-Revision-150x150.png 150w\" sizes=\"(max-width: 449px) 100vw, 449px\" \/>\t\t\t\t\t\t\t\t\t\t\t\t\t<\/div>\n\t\t\t\t<\/div>\n\t\t\t\t\t<\/div>\n\t\t<\/div>\n\t\t\t\t<div class=\"elementor-column elementor-col-50 elementor-top-column elementor-element elementor-element-a1db365\" data-id=\"a1db365\" data-element_type=\"column\">\n\t\t\t<div class=\"elementor-widget-wrap elementor-element-populated\">\n\t\t\t\t\t\t<div class=\"elementor-element elementor-element-7124ef9 elementor-widget elementor-widget-text-editor\" data-id=\"7124ef9\" data-element_type=\"widget\" data-widget_type=\"text-editor.default\">\n\t\t\t\t<div class=\"elementor-widget-container\">\n\t\t\t\t\t\t\t<p>Nos traducteurs et r\u00e9viseurs chevronn\u00e9s travaillent exclusivement vers leur langue maternelle. Vous \u00eates ainsi assur\u00e9 que vos textes trouvent \u00e9cho aupr\u00e8s des lecteurs auxquels ils s\u2019adressent, puisqu\u2019ils correspondent en tous points aux environnements linguistique et culturel de vos publics cibles. Documens peut compter sur des collaborateurs exceptionnels qui s\u2019appuient sur les ressources de traduction les plus novatrices, comme les plus r\u00e9cents outils de traduction assist\u00e9e par ordinateur et les banques de terminologie les plus \u00e0 jour sur le march\u00e9.<\/p>\t\t\t\t\t\t<\/div>\n\t\t\t\t<\/div>\n\t\t\t\t\t<\/div>\n\t\t<\/div>\n\t\t\t\t\t<\/div>\n\t\t<\/section>\n\t\t\t\t<section data-particle_enable=\"false\" data-particle-mobile-disabled=\"false\" class=\"elementor-section elementor-top-section elementor-element elementor-element-1d0c952 elementor-section-boxed elementor-section-height-default elementor-section-height-default\" data-id=\"1d0c952\" data-element_type=\"section\">\n\t\t\t\t\t\t<div class=\"elementor-container elementor-column-gap-default\">\n\t\t\t\t\t<div class=\"elementor-column elementor-col-100 elementor-top-column elementor-element elementor-element-e49a30c\" data-id=\"e49a30c\" data-element_type=\"column\">\n\t\t\t<div class=\"elementor-widget-wrap elementor-element-populated\">\n\t\t\t\t\t\t<div class=\"elementor-element elementor-element-ab4f30a elementor-widget elementor-widget-heading\" data-id=\"ab4f30a\" data-element_type=\"widget\" data-widget_type=\"heading.default\">\n\t\t\t\t<div class=\"elementor-widget-container\">\n\t\t\t<h2 class=\"elementor-heading-title elementor-size-default\">Langues<\/h2>\t\t<\/div>\n\t\t\t\t<\/div>\n\t\t\t\t<div class=\"elementor-element elementor-element-eac9f34 elementor-widget elementor-widget-text-editor\" data-id=\"eac9f34\" data-element_type=\"widget\" data-widget_type=\"text-editor.default\">\n\t\t\t\t<div class=\"elementor-widget-container\">\n\t\t\t\t\t\t\t<p>Quelle que soit la langue de d\u00e9part ou d\u2019arriv\u00e9e, nous sommes en mesure de vous aider. Nous offrons des services de traduction et de localisation dans pratiquement toutes les langues du globe.<\/p>\t\t\t\t\t\t<\/div>\n\t\t\t\t<\/div>\n\t\t\t\t<div class=\"elementor-element elementor-element-9b47a5b elementor-widget elementor-widget-spacer\" data-id=\"9b47a5b\" data-element_type=\"widget\" data-widget_type=\"spacer.default\">\n\t\t\t\t<div class=\"elementor-widget-container\">\n\t\t\t\t\t<div class=\"elementor-spacer\">\n\t\t\t<div class=\"elementor-spacer-inner\"><\/div>\n\t\t<\/div>\n\t\t\t\t<\/div>\n\t\t\t\t<\/div>\n\t\t\t\t<div class=\"elementor-element elementor-element-cbc4cf7 elementor-widget elementor-widget-text-editor\" data-id=\"cbc4cf7\" data-element_type=\"widget\" data-widget_type=\"text-editor.default\">\n\t\t\t\t<div class=\"elementor-widget-container\">\n\t\t\t\t\t\t\t<p>allemand<br \/>anglais<br \/>arabe<br \/>bulgare<br \/>catalan<br \/>chinois<br \/>cor\u00e9en<br \/>croate<br \/>danois<br \/>espagnol<br \/>estonien<br \/>finlandais<br \/>finnois<br \/>fran\u00e7ais<br \/>grec<br \/>h\u00e9breu<br \/>hongrois<br \/>italien<br \/>japonais<br \/>letton<br \/>lituanien<br \/>malais<br \/>n\u00e9erlandais<br \/>norv\u00e9gien<br \/>polonais<br \/>portugais<br \/>roumain<br \/>russe<br \/>slovaque<br \/>slov\u00e8ne<br \/>su\u00e9dois<br \/>tch\u00e8que<br \/>tha\u00ef<br \/>turc<br \/>vietnamien<\/p>\t\t\t\t\t\t<\/div>\n\t\t\t\t<\/div>\n\t\t\t\t\t<\/div>\n\t\t<\/div>\n\t\t\t\t\t<\/div>\n\t\t<\/section>\n\t\t\t\t<section data-particle_enable=\"false\" data-particle-mobile-disabled=\"false\" class=\"elementor-section elementor-top-section elementor-element elementor-element-fb3c850 elementor-section-boxed elementor-section-height-default elementor-section-height-default\" data-id=\"fb3c850\" data-element_type=\"section\">\n\t\t\t\t\t\t<div class=\"elementor-container elementor-column-gap-default\">\n\t\t\t\t\t<div class=\"elementor-column elementor-col-100 elementor-top-column elementor-element elementor-element-5e72b4d\" data-id=\"5e72b4d\" data-element_type=\"column\">\n\t\t\t<div class=\"elementor-widget-wrap elementor-element-populated\">\n\t\t\t\t\t\t<div class=\"elementor-element elementor-element-c6baa2c elementor-widget elementor-widget-heading\" data-id=\"c6baa2c\" data-element_type=\"widget\" data-widget_type=\"heading.default\">\n\t\t\t\t<div class=\"elementor-widget-container\">\n\t\t\t<h2 class=\"elementor-heading-title elementor-size-default\">Soucieux de livrer des traductions impeccables, nous suivons une m\u00e9thodologie en trois \u00e9tapes que nous appelons Memo.<\/h2>\t\t<\/div>\n\t\t\t\t<\/div>\n\t\t\t\t<section data-particle_enable=\"false\" data-particle-mobile-disabled=\"false\" class=\"elementor-section elementor-inner-section elementor-element elementor-element-5ec82f8 elementor-section-boxed elementor-section-height-default elementor-section-height-default\" data-id=\"5ec82f8\" data-element_type=\"section\">\n\t\t\t\t\t\t<div class=\"elementor-container elementor-column-gap-default\">\n\t\t\t\t\t<div class=\"elementor-column elementor-col-33 elementor-inner-column elementor-element elementor-element-465569b\" data-id=\"465569b\" data-element_type=\"column\">\n\t\t\t<div class=\"elementor-widget-wrap elementor-element-populated\">\n\t\t\t\t\t\t<div class=\"elementor-element elementor-element-d58fe19 eael-infobox-icon-bg-shape-circle eael-infobox-icon-hover-bg-shape-circle eael-infobox-content-align-center elementor-widget elementor-widget-eael-info-box\" data-id=\"d58fe19\" data-element_type=\"widget\" data-widget_type=\"eael-info-box.default\">\n\t\t\t\t<div class=\"elementor-widget-container\">\n\t\t\t        <div class=\"eael-infobox\">\n\t            <div class=\"infobox-icon\">\n\n            \n            \n                            <div class=\"infobox-icon-wrap\">\n                    <span class=\"infobox-icon-number\">1<\/span>\n                <\/div>\n            \n        <\/div>\n            <div class=\"infobox-content\">\n                            <h3 class=\"title\">Premi\u00e8re \u00e9tape : le premier jet de traduction<\/h3>\n                                                                                                <p>Un traducteur dont la langue maternelle est la langue cibl\u00e9e par la traduction et qui conna\u00eet bien votre domaine d\u2019activit\u00e9 traduit le message de votre texte de d\u00e9part. Le r\u00e9sultat va bien au-del\u00e0 de la simple traduction litt\u00e9rale. Il s\u2019agit en fait d\u2019un nouveau document, qui semble avoir \u00e9t\u00e9 r\u00e9dig\u00e9 dans la langue d\u2019arriv\u00e9e.<\/p><p>Chez Documens, le travail de traduction allie rigueur, pr\u00e9cision et cr\u00e9ativit\u00e9, et va bien au-del\u00e0 de la simple conversion linguistique.<\/p>                                                                            <\/div>\n            <\/div>\n\n\t\t\t\t<\/div>\n\t\t\t\t<\/div>\n\t\t\t\t\t<\/div>\n\t\t<\/div>\n\t\t\t\t<div class=\"elementor-column elementor-col-33 elementor-inner-column elementor-element elementor-element-2e7b017\" data-id=\"2e7b017\" data-element_type=\"column\">\n\t\t\t<div class=\"elementor-widget-wrap elementor-element-populated\">\n\t\t\t\t\t\t<div class=\"elementor-element elementor-element-e210a0e eael-infobox-icon-bg-shape-circle eael-infobox-icon-hover-bg-shape-circle eael-infobox-content-align-center elementor-widget elementor-widget-eael-info-box\" data-id=\"e210a0e\" data-element_type=\"widget\" data-widget_type=\"eael-info-box.default\">\n\t\t\t\t<div class=\"elementor-widget-container\">\n\t\t\t        <div class=\"eael-infobox\">\n\t            <div class=\"infobox-icon\">\n\n            \n            \n                            <div class=\"infobox-icon-wrap\">\n                    <span class=\"infobox-icon-number\">2<\/span>\n                <\/div>\n            \n        <\/div>\n            <div class=\"infobox-content\">\n                            <h3 class=\"title\">Deuxi\u00e8me \u00e9tape : la r\u00e9vision<\/h3>\n                                                                                                <p>Un r\u00e9viseur v\u00e9rifie tout le document, de la premi\u00e8re \u00e0 la derni\u00e8re ligne, en le comparant au texte source. Sa pr\u00e9occupation est de s\u2019assurer que la traduction est impeccable et que la terminologie est exacte.<\/p>                                                                            <\/div>\n            <\/div>\n\n\t\t\t\t<\/div>\n\t\t\t\t<\/div>\n\t\t\t\t\t<\/div>\n\t\t<\/div>\n\t\t\t\t<div class=\"elementor-column elementor-col-33 elementor-inner-column elementor-element elementor-element-b7468af\" data-id=\"b7468af\" data-element_type=\"column\">\n\t\t\t<div class=\"elementor-widget-wrap elementor-element-populated\">\n\t\t\t\t\t\t<div class=\"elementor-element elementor-element-cb67053 eael-infobox-icon-bg-shape-circle eael-infobox-icon-hover-bg-shape-circle eael-infobox-content-align-center elementor-widget elementor-widget-eael-info-box\" data-id=\"cb67053\" data-element_type=\"widget\" data-widget_type=\"eael-info-box.default\">\n\t\t\t\t<div class=\"elementor-widget-container\">\n\t\t\t        <div class=\"eael-infobox\">\n\t            <div class=\"infobox-icon\">\n\n            \n            \n                            <div class=\"infobox-icon-wrap\">\n                    <span class=\"infobox-icon-number\">3<\/span>\n                <\/div>\n            \n        <\/div>\n            <div class=\"infobox-content\">\n                            <h3 class=\"title\">Troisi\u00e8me \u00e9tape : la correction d\u2019\u00e9preuves<\/h3>\n                                                                                                <p>Une fois le travail termin\u00e9, le document est transmis au client selon le mode souhait\u00e9.<\/p>                                                                            <\/div>\n            <\/div>\n\n\t\t\t\t<\/div>\n\t\t\t\t<\/div>\n\t\t\t\t\t<\/div>\n\t\t<\/div>\n\t\t\t\t\t<\/div>\n\t\t<\/section>\n\t\t\t\t\t<\/div>\n\t\t<\/div>\n\t\t\t\t\t<\/div>\n\t\t<\/section>\n\t\t\t\t<section data-particle_enable=\"false\" data-particle-mobile-disabled=\"false\" class=\"elementor-section elementor-top-section elementor-element elementor-element-f16008a elementor-section-boxed elementor-section-height-default elementor-section-height-default\" data-id=\"f16008a\" data-element_type=\"section\" data-settings=\"{&quot;background_background&quot;:&quot;classic&quot;}\">\n\t\t\t\t\t\t<div class=\"elementor-container elementor-column-gap-default\">\n\t\t\t\t\t<div class=\"elementor-column elementor-col-50 elementor-top-column elementor-element elementor-element-5684f79\" data-id=\"5684f79\" data-element_type=\"column\">\n\t\t\t<div class=\"elementor-widget-wrap elementor-element-populated\">\n\t\t\t\t\t\t<div class=\"elementor-element elementor-element-f1d6aaa elementor-widget elementor-widget-heading\" data-id=\"f1d6aaa\" data-element_type=\"widget\" data-widget_type=\"heading.default\">\n\t\t\t\t<div class=\"elementor-widget-container\">\n\t\t\t<h2 class=\"elementor-heading-title elementor-size-default\">Commen\u00e7ons votre projet de traduction d\u00e8s aujourd\u2019hui<\/h2>\t\t<\/div>\n\t\t\t\t<\/div>\n\t\t\t\t<div class=\"elementor-element elementor-element-72dc47a elementor-widget elementor-widget-spacer\" data-id=\"72dc47a\" data-element_type=\"widget\" data-widget_type=\"spacer.default\">\n\t\t\t\t<div class=\"elementor-widget-container\">\n\t\t\t\t\t<div class=\"elementor-spacer\">\n\t\t\t<div class=\"elementor-spacer-inner\"><\/div>\n\t\t<\/div>\n\t\t\t\t<\/div>\n\t\t\t\t<\/div>\n\t\t\t\t<div class=\"elementor-element elementor-element-dffe8cb elementor-align-left elementor-widget elementor-widget-button\" data-id=\"dffe8cb\" data-element_type=\"widget\" data-widget_type=\"button.default\">\n\t\t\t\t<div class=\"elementor-widget-container\">\n\t\t\t\t\t<div class=\"elementor-button-wrapper\">\n\t\t\t<a class=\"elementor-button elementor-button-link elementor-size-lg\" href=\"https:\/\/documens.net\/devis\/\">\n\t\t\t\t\t\t<span class=\"elementor-button-content-wrapper\">\n\t\t\t\t\t\t<span class=\"elementor-button-text\">Envoyer votre document<\/span>\n\t\t<\/span>\n\t\t\t\t\t<\/a>\n\t\t<\/div>\n\t\t\t\t<\/div>\n\t\t\t\t<\/div>\n\t\t\t\t\t<\/div>\n\t\t<\/div>\n\t\t\t\t<div class=\"elementor-column elementor-col-50 elementor-top-column elementor-element elementor-element-a588081\" data-id=\"a588081\" data-element_type=\"column\">\n\t\t\t<div class=\"elementor-widget-wrap\">\n\t\t\t\t\t\t\t<\/div>\n\t\t<\/div>\n\t\t\t\t\t<\/div>\n\t\t<\/section>\n\t\t\t\t<\/div>\n\t\t","protected":false},"excerpt":{"rendered":"<p>Traduction Traduire est un processus bien plus complexe que le simple remplacement des mots de la langue de d\u00e9part (la langue source) par ceux d\u2019une autre langue (la langue cible). Documens peut compter sur une \u00e9quipe de professionnels en sciences langagi\u00e8res pour vous offrir des traductions et des adaptations de haute qualit\u00e9, qui refl\u00e8tent fid\u00e8lement [&hellip;]<\/p>\n","protected":false},"author":1,"featured_media":0,"parent":17532,"menu_order":0,"comment_status":"closed","ping_status":"closed","template":"","meta":{"_seopress_robots_primary_cat":"","_seopress_titles_title":"Traduction Documens %%sep%% Services de traduction","_seopress_titles_desc":"","_seopress_robots_index":"","site-sidebar-layout":"no-sidebar","site-content-layout":"page-builder","ast-site-content-layout":"","site-content-style":"default","site-sidebar-style":"default","ast-global-header-display":"","ast-banner-title-visibility":"","ast-main-header-display":"","ast-hfb-above-header-display":"","ast-hfb-below-header-display":"","ast-hfb-mobile-header-display":"","site-post-title":"disabled","ast-breadcrumbs-content":"","ast-featured-img":"disabled","footer-sml-layout":"","theme-transparent-header-meta":"default","adv-header-id-meta":"","stick-header-meta":"","header-above-stick-meta":"","header-main-stick-meta":"","header-below-stick-meta":"","astra-migrate-meta-layouts":"default","ast-page-background-enabled":"default","ast-page-background-meta":{"desktop":{"background-color":"","background-image":"","background-repeat":"repeat","background-position":"center center","background-size":"auto","background-attachment":"scroll","background-type":"","background-media":"","overlay-type":"","overlay-color":"","overlay-gradient":""},"tablet":{"background-color":"","background-image":"","background-repeat":"repeat","background-position":"center center","background-size":"auto","background-attachment":"scroll","background-type":"","background-media":"","overlay-type":"","overlay-color":"","overlay-gradient":""},"mobile":{"background-color":"","background-image":"","background-repeat":"repeat","background-position":"center center","background-size":"auto","background-attachment":"scroll","background-type":"","background-media":"","overlay-type":"","overlay-color":"","overlay-gradient":""}},"ast-content-background-meta":{"desktop":{"background-color":"var(--ast-global-color-5)","background-image":"","background-repeat":"repeat","background-position":"center center","background-size":"auto","background-attachment":"scroll","background-type":"","background-media":"","overlay-type":"","overlay-color":"","overlay-gradient":""},"tablet":{"background-color":"var(--ast-global-color-5)","background-image":"","background-repeat":"repeat","background-position":"center center","background-size":"auto","background-attachment":"scroll","background-type":"","background-media":"","overlay-type":"","overlay-color":"","overlay-gradient":""},"mobile":{"background-color":"var(--ast-global-color-5)","background-image":"","background-repeat":"repeat","background-position":"center center","background-size":"auto","background-attachment":"scroll","background-type":"","background-media":"","overlay-type":"","overlay-color":"","overlay-gradient":""}},"footnotes":""},"class_list":["post-17531","page","type-page","status-publish","hentry"],"acf":[],"_links":{"self":[{"href":"https:\/\/documens.net\/fr-ca\/wp-json\/wp\/v2\/pages\/17531"}],"collection":[{"href":"https:\/\/documens.net\/fr-ca\/wp-json\/wp\/v2\/pages"}],"about":[{"href":"https:\/\/documens.net\/fr-ca\/wp-json\/wp\/v2\/types\/page"}],"author":[{"embeddable":true,"href":"https:\/\/documens.net\/fr-ca\/wp-json\/wp\/v2\/users\/1"}],"replies":[{"embeddable":true,"href":"https:\/\/documens.net\/fr-ca\/wp-json\/wp\/v2\/comments?post=17531"}],"version-history":[{"count":1,"href":"https:\/\/documens.net\/fr-ca\/wp-json\/wp\/v2\/pages\/17531\/revisions"}],"predecessor-version":[{"id":18158,"href":"https:\/\/documens.net\/fr-ca\/wp-json\/wp\/v2\/pages\/17531\/revisions\/18158"}],"up":[{"embeddable":true,"href":"https:\/\/documens.net\/fr-ca\/wp-json\/wp\/v2\/pages\/17532"}],"wp:attachment":[{"href":"https:\/\/documens.net\/fr-ca\/wp-json\/wp\/v2\/media?parent=17531"}],"curies":[{"name":"wp","href":"https:\/\/api.w.org\/{rel}","templated":true}]}}