{"id":17532,"date":"2020-11-01T13:24:15","date_gmt":"2020-11-01T18:24:15","guid":{"rendered":"https:\/\/documens.net\/services\/"},"modified":"2024-02-15T13:47:39","modified_gmt":"2024-02-15T18:47:39","slug":"traduction-documens-nos-services","status":"publish","type":"page","link":"https:\/\/documens.net\/fr-ca\/traduction-documens-nos-services\/","title":{"rendered":"Services"},"content":{"rendered":"\t\t<div data-elementor-type=\"wp-page\" data-elementor-id=\"17532\" class=\"elementor elementor-17532\" data-elementor-post-type=\"page\">\n\t\t\t\t\t\t<section data-particle_enable=\"false\" data-particle-mobile-disabled=\"false\" class=\"elementor-section elementor-top-section elementor-element elementor-element-2490d6d elementor-section-full_width elementor-section-height-default elementor-section-height-default\" data-id=\"2490d6d\" data-element_type=\"section\">\n\t\t\t\t\t\t<div class=\"elementor-container elementor-column-gap-default\">\n\t\t\t\t\t<div class=\"elementor-column elementor-col-100 elementor-top-column elementor-element elementor-element-f63120d\" data-id=\"f63120d\" data-element_type=\"column\">\n\t\t\t<div class=\"elementor-widget-wrap elementor-element-populated\">\n\t\t\t\t\t\t<div class=\"elementor-element elementor-element-4a141b3 elementor-absolute elementor-hidden-tablet elementor-hidden-phone elementor-invisible elementor-widget elementor-widget-image\" data-id=\"4a141b3\" data-element_type=\"widget\" data-settings=\"{&quot;_animation&quot;:&quot;fadeInRight&quot;,&quot;_position&quot;:&quot;absolute&quot;,&quot;_animation_delay&quot;:500}\" data-widget_type=\"image.default\">\n\t\t\t\t<div class=\"elementor-widget-container\">\n\t\t\t\t\t\t\t\t\t\t\t\t\t<img decoding=\"async\" src=\"https:\/\/documens.net\/wp-content\/uploads\/elementor\/thumbs\/Documens_Bubble-texte_services@2x-p82vtd3gdmrs3dz1l74gdkalw64rgrc3iacpc10bto.png\" title=\"\" alt=\"\" loading=\"lazy\" \/>\t\t\t\t\t\t\t\t\t\t\t\t\t<\/div>\n\t\t\t\t<\/div>\n\t\t\t\t<div class=\"elementor-element elementor-element-47f2b9f elementor-absolute elementor-hidden-tablet elementor-hidden-phone elementor-invisible elementor-widget elementor-widget-image\" data-id=\"47f2b9f\" data-element_type=\"widget\" data-settings=\"{&quot;_animation&quot;:&quot;fadeInDown&quot;,&quot;_position&quot;:&quot;absolute&quot;}\" data-widget_type=\"image.default\">\n\t\t\t\t<div class=\"elementor-widget-container\">\n\t\t\t\t\t\t\t\t\t\t\t\t\t<img decoding=\"async\" src=\"https:\/\/documens.net\/wp-content\/uploads\/Rectangle-2.svg\" title=\"\" alt=\"\" loading=\"lazy\" \/>\t\t\t\t\t\t\t\t\t\t\t\t\t<\/div>\n\t\t\t\t<\/div>\n\t\t\t\t\t<\/div>\n\t\t<\/div>\n\t\t\t\t\t<\/div>\n\t\t<\/section>\n\t\t\t\t<section data-particle_enable=\"false\" data-particle-mobile-disabled=\"false\" class=\"elementor-section elementor-top-section elementor-element elementor-element-2ef6d20 elementor-section-height-min-height elementor-section-items-top elementor-section-boxed elementor-section-height-default\" data-id=\"2ef6d20\" data-element_type=\"section\" data-settings=\"{&quot;motion_fx_motion_fx_scrolling&quot;:&quot;yes&quot;,&quot;motion_fx_devices&quot;:[&quot;desktop&quot;,&quot;tablet&quot;,&quot;mobile&quot;]}\">\n\t\t\t\t\t\t<div class=\"elementor-container elementor-column-gap-default\">\n\t\t\t\t\t<div class=\"elementor-column elementor-col-33 elementor-top-column elementor-element elementor-element-c6c4253\" data-id=\"c6c4253\" data-element_type=\"column\">\n\t\t\t<div class=\"elementor-widget-wrap elementor-element-populated\">\n\t\t\t\t\t\t<div class=\"elementor-element elementor-element-7188bd8 elementor-widget elementor-widget-heading\" data-id=\"7188bd8\" data-element_type=\"widget\" data-widget_type=\"heading.default\">\n\t\t\t\t<div class=\"elementor-widget-container\">\n\t\t\t<h1 class=\"elementor-heading-title elementor-size-default\">Tous les services<\/h1>\t\t<\/div>\n\t\t\t\t<\/div>\n\t\t\t\t\t<\/div>\n\t\t<\/div>\n\t\t\t\t<div class=\"elementor-column elementor-col-66 elementor-top-column elementor-element elementor-element-0d1ee87\" data-id=\"0d1ee87\" data-element_type=\"column\">\n\t\t\t<div class=\"elementor-widget-wrap\">\n\t\t\t\t\t\t\t<\/div>\n\t\t<\/div>\n\t\t\t\t\t<\/div>\n\t\t<\/section>\n\t\t\t\t<section data-particle_enable=\"false\" data-particle-mobile-disabled=\"false\" class=\"elementor-section elementor-top-section elementor-element elementor-element-dbd498a elementor-section-boxed elementor-section-height-default elementor-section-height-default\" data-id=\"dbd498a\" data-element_type=\"section\" data-settings=\"{&quot;motion_fx_motion_fx_scrolling&quot;:&quot;yes&quot;,&quot;motion_fx_devices&quot;:[&quot;desktop&quot;,&quot;tablet&quot;,&quot;mobile&quot;]}\">\n\t\t\t\t\t\t<div class=\"elementor-container elementor-column-gap-default\">\n\t\t\t\t\t<div class=\"elementor-column elementor-col-100 elementor-top-column elementor-element elementor-element-edf8456\" data-id=\"edf8456\" data-element_type=\"column\">\n\t\t\t<div class=\"elementor-widget-wrap elementor-element-populated\">\n\t\t\t\t\t\t<div class=\"elementor-element elementor-element-21a4b02 elementor-widget elementor-widget-heading\" data-id=\"21a4b02\" data-element_type=\"widget\" data-widget_type=\"heading.default\">\n\t\t\t\t<div class=\"elementor-widget-container\">\n\t\t\t<h2 class=\"elementor-heading-title elementor-size-default\">Nos services linguistiques<\/h2>\t\t<\/div>\n\t\t\t\t<\/div>\n\t\t\t\t<section data-particle_enable=\"false\" data-particle-mobile-disabled=\"false\" class=\"elementor-section elementor-inner-section elementor-element elementor-element-b992ad3 elementor-section-boxed elementor-section-height-default elementor-section-height-default\" data-id=\"b992ad3\" data-element_type=\"section\">\n\t\t\t\t\t\t<div class=\"elementor-container elementor-column-gap-default\">\n\t\t\t\t\t<div class=\"elementor-column elementor-col-25 elementor-inner-column elementor-element elementor-element-8603e67\" data-id=\"8603e67\" data-element_type=\"column\">\n\t\t\t<div class=\"elementor-widget-wrap elementor-element-populated\">\n\t\t\t\t\t\t<div class=\"elementor-element elementor-element-8af9e66 eael-infobox-content-align-left elementor-widget elementor-widget-eael-info-box\" data-id=\"8af9e66\" data-element_type=\"widget\" data-widget_type=\"eael-info-box.default\">\n\t\t\t\t<div class=\"elementor-widget-container\">\n\t\t\t            <a href=\"https:\/\/documens.net\/services\/transcreation\/\">\n\t            <div class=\"eael-infobox\">\n\t            <div class=\"infobox-content\">\n                            <h3 class=\"title\">Transcr\u00e9ation<\/h3>\n                                                                                                <p>V\u00e9ritable processus cr\u00e9atif, la transcr\u00e9ation va au-del\u00e0 de la traduction purement litt\u00e9rale d\u2019un slogan ou d\u2019une marque. L\u2019adaptation se d\u00e9cline dans tous les aspects d\u2019une campagne publicitaire : le message lui-m\u00eame, les visuels, les vid\u00e9os, les intentions, les \u00e9motions, etc.<\/p>                                                                            <\/div>\n            <\/div>\n\n\t\t            <\/a>\n\t\t\t\t<\/div>\n\t\t\t\t<\/div>\n\t\t\t\t\t<\/div>\n\t\t<\/div>\n\t\t\t\t<div class=\"elementor-column elementor-col-25 elementor-inner-column elementor-element elementor-element-086d126\" data-id=\"086d126\" data-element_type=\"column\">\n\t\t\t<div class=\"elementor-widget-wrap elementor-element-populated\">\n\t\t\t\t\t\t<div class=\"elementor-element elementor-element-83ede16 eael-infobox-content-align-left elementor-widget elementor-widget-eael-info-box\" data-id=\"83ede16\" data-element_type=\"widget\" data-widget_type=\"eael-info-box.default\">\n\t\t\t\t<div class=\"elementor-widget-container\">\n\t\t\t            <a href=\"https:\/\/documens.net\/services\/traduction\/\">\n\t            <div class=\"eael-infobox\">\n\t            <div class=\"infobox-content\">\n                            <h3 class=\"title\">Traduction\u200b<\/h3>\n                                                                                                <p>Traduire est un processus bien plus complexe que le simple remplacement des mots de la langue de d\u00e9part (la langue source)\u00a0par ceux d\u2019une autre langue (la langue cible).\u00a0<\/p>                                                                            <\/div>\n            <\/div>\n\n\t\t            <\/a>\n\t\t\t\t<\/div>\n\t\t\t\t<\/div>\n\t\t\t\t\t<\/div>\n\t\t<\/div>\n\t\t\t\t<div class=\"elementor-column elementor-col-25 elementor-inner-column elementor-element elementor-element-3b69df6\" data-id=\"3b69df6\" data-element_type=\"column\">\n\t\t\t<div class=\"elementor-widget-wrap elementor-element-populated\">\n\t\t\t\t\t\t<div class=\"elementor-element elementor-element-087996e eael-infobox-content-align-left elementor-widget elementor-widget-eael-info-box\" data-id=\"087996e\" data-element_type=\"widget\" data-widget_type=\"eael-info-box.default\">\n\t\t\t\t<div class=\"elementor-widget-container\">\n\t\t\t            <a href=\"https:\/\/documens.net\/services\/localisation\/\">\n\t            <div class=\"eael-infobox\">\n\t            <div class=\"infobox-content\">\n                            <h3 class=\"title\">Localisation\u200b<\/h3>\n                                                                                                <p>Aujourd\u2019hui, les \u00e9changes commerciaux se font \u00e0 l\u2019\u00e9chelle du globe. Gr\u00e2ce aux nouvelles technologies de l\u2019information et \u00e0 la convivialit\u00e9 des plateformes transactionnelles, nos clients brassent des affaires aux quatre coins du monde.<\/p>                                                                            <\/div>\n            <\/div>\n\n\t\t            <\/a>\n\t\t\t\t<\/div>\n\t\t\t\t<\/div>\n\t\t\t\t\t<\/div>\n\t\t<\/div>\n\t\t\t\t<div class=\"elementor-column elementor-col-25 elementor-inner-column elementor-element elementor-element-ef73a7b\" data-id=\"ef73a7b\" data-element_type=\"column\">\n\t\t\t<div class=\"elementor-widget-wrap elementor-element-populated\">\n\t\t\t\t\t\t<div class=\"elementor-element elementor-element-fddb8f8 eael-infobox-content-align-left elementor-widget elementor-widget-eael-info-box\" data-id=\"fddb8f8\" data-element_type=\"widget\" data-widget_type=\"eael-info-box.default\">\n\t\t\t\t<div class=\"elementor-widget-container\">\n\t\t\t            <a href=\"https:\/\/documens.net\/services\/revision\/\">\n\t            <div class=\"eael-infobox\">\n\t            <div class=\"infobox-content\">\n                            <h3 class=\"title\">R\u00e9vision\u200b<\/h3>\n                                                                                                <p>Des documents impeccables \u00e0 tous points de vue. Parall\u00e8lement au travail de r\u00e9vision syst\u00e9matique des textes que nous traduisons en interne, nous sommes en mesure de r\u00e9viser les contenus de textes provenant d\u2019autres sources.<\/p>                                                                            <\/div>\n            <\/div>\n\n\t\t            <\/a>\n\t\t\t\t<\/div>\n\t\t\t\t<\/div>\n\t\t\t\t\t<\/div>\n\t\t<\/div>\n\t\t\t\t\t<\/div>\n\t\t<\/section>\n\t\t\t\t<section data-particle_enable=\"false\" data-particle-mobile-disabled=\"false\" class=\"elementor-section elementor-inner-section elementor-element elementor-element-ffc102d elementor-section-boxed elementor-section-height-default elementor-section-height-default\" data-id=\"ffc102d\" data-element_type=\"section\">\n\t\t\t\t\t\t<div class=\"elementor-container elementor-column-gap-default\">\n\t\t\t\t\t<div class=\"elementor-column elementor-col-33 elementor-inner-column elementor-element elementor-element-897ccaa elementor-hidden-tablet elementor-hidden-phone\" data-id=\"897ccaa\" data-element_type=\"column\">\n\t\t\t<div class=\"elementor-widget-wrap\">\n\t\t\t\t\t\t\t<\/div>\n\t\t<\/div>\n\t\t\t\t<div class=\"elementor-column elementor-col-33 elementor-inner-column elementor-element elementor-element-1fe9b24\" data-id=\"1fe9b24\" data-element_type=\"column\">\n\t\t\t<div class=\"elementor-widget-wrap elementor-element-populated\">\n\t\t\t\t\t\t<div class=\"elementor-element elementor-element-240d50f eael-infobox-content-align-left elementor-widget elementor-widget-eael-info-box\" data-id=\"240d50f\" data-element_type=\"widget\" data-widget_type=\"eael-info-box.default\">\n\t\t\t\t<div class=\"elementor-widget-container\">\n\t\t\t            <a href=\"https:\/\/documens.net\/services\/consultation\/\">\n\t            <div class=\"eael-infobox\">\n\t            <div class=\"infobox-content\">\n                            <h3 class=\"title\">Consultation et soutien linguistique<\/h3>\n                                                                                                <p>Vous \u00eates en train de r\u00e9diger ou de relire un texte et vous vous interrogez sur la norme et le code d\u2019usage d\u2019un mot, d\u2019une structure ou d\u2019un accord grammatical?<\/p>                                                                            <\/div>\n            <\/div>\n\n\t\t            <\/a>\n\t\t\t\t<\/div>\n\t\t\t\t<\/div>\n\t\t\t\t\t<\/div>\n\t\t<\/div>\n\t\t\t\t<div class=\"elementor-column elementor-col-33 elementor-inner-column elementor-element elementor-element-d9098bc elementor-hidden-tablet elementor-hidden-phone\" data-id=\"d9098bc\" data-element_type=\"column\">\n\t\t\t<div class=\"elementor-widget-wrap\">\n\t\t\t\t\t\t\t<\/div>\n\t\t<\/div>\n\t\t\t\t\t<\/div>\n\t\t<\/section>\n\t\t\t\t\t<\/div>\n\t\t<\/div>\n\t\t\t\t\t<\/div>\n\t\t<\/section>\n\t\t\t\t<section data-particle_enable=\"false\" data-particle-mobile-disabled=\"false\" class=\"elementor-section elementor-top-section elementor-element elementor-element-dd165bf elementor-section-boxed elementor-section-height-default elementor-section-height-default\" data-id=\"dd165bf\" data-element_type=\"section\" data-settings=\"{&quot;motion_fx_motion_fx_scrolling&quot;:&quot;yes&quot;,&quot;motion_fx_devices&quot;:[&quot;desktop&quot;,&quot;tablet&quot;,&quot;mobile&quot;]}\">\n\t\t\t\t\t\t<div class=\"elementor-container elementor-column-gap-default\">\n\t\t\t\t\t<div class=\"elementor-column elementor-col-100 elementor-top-column elementor-element elementor-element-2b06634\" data-id=\"2b06634\" data-element_type=\"column\">\n\t\t\t<div class=\"elementor-widget-wrap elementor-element-populated\">\n\t\t\t\t\t\t<div class=\"elementor-element elementor-element-7294c70 elementor-widget elementor-widget-heading\" data-id=\"7294c70\" data-element_type=\"widget\" data-widget_type=\"heading.default\">\n\t\t\t\t<div class=\"elementor-widget-container\">\n\t\t\t<h2 class=\"elementor-heading-title elementor-size-default\">Nos services connexes<\/h2>\t\t<\/div>\n\t\t\t\t<\/div>\n\t\t\t\t<section data-particle_enable=\"false\" data-particle-mobile-disabled=\"false\" class=\"elementor-section elementor-inner-section elementor-element elementor-element-124db09 elementor-section-boxed elementor-section-height-default elementor-section-height-default\" data-id=\"124db09\" data-element_type=\"section\">\n\t\t\t\t\t\t<div class=\"elementor-container elementor-column-gap-default\">\n\t\t\t\t\t<div class=\"elementor-column elementor-col-20 elementor-inner-column elementor-element elementor-element-b21426a\" data-id=\"b21426a\" data-element_type=\"column\">\n\t\t\t<div class=\"elementor-widget-wrap\">\n\t\t\t\t\t\t\t<\/div>\n\t\t<\/div>\n\t\t\t\t<div class=\"elementor-column elementor-col-20 elementor-inner-column elementor-element elementor-element-f93424a\" data-id=\"f93424a\" data-element_type=\"column\">\n\t\t\t<div class=\"elementor-widget-wrap elementor-element-populated\">\n\t\t\t\t\t\t<div class=\"elementor-element elementor-element-53f8341 eael-infobox-content-align-left elementor-widget elementor-widget-eael-info-box\" data-id=\"53f8341\" data-element_type=\"widget\" data-widget_type=\"eael-info-box.default\">\n\t\t\t\t<div class=\"elementor-widget-container\">\n\t\t\t            <a href=\"https:\/\/documens.net\/services\/conception-graphique\/\">\n\t            <div class=\"eael-infobox\">\n\t            <div class=\"infobox-content\">\n                            <h3 class=\"title\">Conception graphique\u200b<\/h3>\n                                                                                                <p>Exposez vos id\u00e9es telles que vous les imaginez, gr\u00e2ce \u00e0 notre \u00e9quipe de designers graphiques qui sait se distinguer par sa cr\u00e9ativit\u00e9, sa passion et son souci du d\u00e9tail.<\/p>                                                                            <\/div>\n            <\/div>\n\n\t\t            <\/a>\n\t\t\t\t<\/div>\n\t\t\t\t<\/div>\n\t\t\t\t\t<\/div>\n\t\t<\/div>\n\t\t\t\t<div class=\"elementor-column elementor-col-20 elementor-inner-column elementor-element elementor-element-673e5f5\" data-id=\"673e5f5\" data-element_type=\"column\">\n\t\t\t<div class=\"elementor-widget-wrap elementor-element-populated\">\n\t\t\t\t\t\t<div class=\"elementor-element elementor-element-22d2193 eael-infobox-content-align-left elementor-widget elementor-widget-eael-info-box\" data-id=\"22d2193\" data-element_type=\"widget\" data-widget_type=\"eael-info-box.default\">\n\t\t\t\t<div class=\"elementor-widget-container\">\n\t\t\t            <a href=\"https:\/\/documens.net\/services\/audiovisuel\/\">\n\t            <div class=\"eael-infobox\">\n\t            <div class=\"infobox-content\">\n                            <h3 class=\"title\">Traduction audiovisuelle<\/h3>\n                                                                                                <p>Le contenu visuel joue un r\u00f4le de plus en plus capital dans la communication. Un contenu visuel inad\u00e9quatement localis\u00e9 peut avoir un effet n\u00e9gatif sur le message.<\/p>                                                                            <\/div>\n            <\/div>\n\n\t\t            <\/a>\n\t\t\t\t<\/div>\n\t\t\t\t<\/div>\n\t\t\t\t\t<\/div>\n\t\t<\/div>\n\t\t\t\t<div class=\"elementor-column elementor-col-20 elementor-inner-column elementor-element elementor-element-56d2d30\" data-id=\"56d2d30\" data-element_type=\"column\">\n\t\t\t<div class=\"elementor-widget-wrap elementor-element-populated\">\n\t\t\t\t\t\t<div class=\"elementor-element elementor-element-4c04479 eael-infobox-content-align-left elementor-widget elementor-widget-eael-info-box\" data-id=\"4c04479\" data-element_type=\"widget\" data-widget_type=\"eael-info-box.default\">\n\t\t\t\t<div class=\"elementor-widget-container\">\n\t\t\t            <a href=\"https:\/\/documens.net\/services\/editique\/\">\n\t            <div class=\"eael-infobox\">\n\t            <div class=\"infobox-content\">\n                            <h3 class=\"title\">\u00c9ditique\u200b<\/h3>\n                                                                                                <p>Nos infographistes professionnels peuvent r\u00e9aliser exactement ce qu\u2019il vous faut, quel que soit le format souhait\u00e9, et ce, dans les d\u00e9lais pr\u00e9vus.<\/p>                                                                            <\/div>\n            <\/div>\n\n\t\t            <\/a>\n\t\t\t\t<\/div>\n\t\t\t\t<\/div>\n\t\t\t\t\t<\/div>\n\t\t<\/div>\n\t\t\t\t<div class=\"elementor-column elementor-col-20 elementor-inner-column elementor-element elementor-element-104d237\" data-id=\"104d237\" data-element_type=\"column\">\n\t\t\t<div class=\"elementor-widget-wrap\">\n\t\t\t\t\t\t\t<\/div>\n\t\t<\/div>\n\t\t\t\t\t<\/div>\n\t\t<\/section>\n\t\t\t\t\t<\/div>\n\t\t<\/div>\n\t\t\t\t\t<\/div>\n\t\t<\/section>\n\t\t\t\t<section data-particle_enable=\"false\" data-particle-mobile-disabled=\"false\" class=\"elementor-section elementor-top-section elementor-element elementor-element-933727c elementor-section-boxed elementor-section-height-default elementor-section-height-default\" data-id=\"933727c\" data-element_type=\"section\" data-settings=\"{&quot;background_background&quot;:&quot;classic&quot;}\">\n\t\t\t\t\t\t<div class=\"elementor-container elementor-column-gap-default\">\n\t\t\t\t\t<div class=\"elementor-column elementor-col-50 elementor-top-column elementor-element elementor-element-e5fc447\" data-id=\"e5fc447\" data-element_type=\"column\">\n\t\t\t<div class=\"elementor-widget-wrap elementor-element-populated\">\n\t\t\t\t\t\t<div class=\"elementor-element elementor-element-89d2b3f elementor-widget elementor-widget-heading\" data-id=\"89d2b3f\" data-element_type=\"widget\" data-widget_type=\"heading.default\">\n\t\t\t\t<div class=\"elementor-widget-container\">\n\t\t\t<h2 class=\"elementor-heading-title elementor-size-default\">Commen\u00e7ons votre projet d\u00e8s aujourd\u2019hui<\/h2>\t\t<\/div>\n\t\t\t\t<\/div>\n\t\t\t\t<div class=\"elementor-element elementor-element-101e60f elementor-widget elementor-widget-spacer\" data-id=\"101e60f\" data-element_type=\"widget\" data-widget_type=\"spacer.default\">\n\t\t\t\t<div class=\"elementor-widget-container\">\n\t\t\t\t\t<div class=\"elementor-spacer\">\n\t\t\t<div class=\"elementor-spacer-inner\"><\/div>\n\t\t<\/div>\n\t\t\t\t<\/div>\n\t\t\t\t<\/div>\n\t\t\t\t<div class=\"elementor-element elementor-element-c86f60a elementor-align-left elementor-widget elementor-widget-button\" data-id=\"c86f60a\" data-element_type=\"widget\" data-widget_type=\"button.default\">\n\t\t\t\t<div class=\"elementor-widget-container\">\n\t\t\t\t\t<div class=\"elementor-button-wrapper\">\n\t\t\t<a class=\"elementor-button elementor-button-link elementor-size-lg\" href=\"https:\/\/documens.net\/devis\/\">\n\t\t\t\t\t\t<span class=\"elementor-button-content-wrapper\">\n\t\t\t\t\t\t<span class=\"elementor-button-text\">Envoyer votre document<\/span>\n\t\t<\/span>\n\t\t\t\t\t<\/a>\n\t\t<\/div>\n\t\t\t\t<\/div>\n\t\t\t\t<\/div>\n\t\t\t\t\t<\/div>\n\t\t<\/div>\n\t\t\t\t<div class=\"elementor-column elementor-col-50 elementor-top-column elementor-element elementor-element-cced0a2\" data-id=\"cced0a2\" data-element_type=\"column\">\n\t\t\t<div class=\"elementor-widget-wrap\">\n\t\t\t\t\t\t\t<\/div>\n\t\t<\/div>\n\t\t\t\t\t<\/div>\n\t\t<\/section>\n\t\t\t\t<\/div>\n\t\t","protected":false},"excerpt":{"rendered":"<p>Tous les services Nos services linguistiques Transcr\u00e9ation V\u00e9ritable processus cr\u00e9atif, la transcr\u00e9ation va au-del\u00e0 de la traduction purement litt\u00e9rale d\u2019un slogan ou d\u2019une marque. L\u2019adaptation se d\u00e9cline dans tous les aspects d\u2019une campagne publicitaire : le message lui-m\u00eame, les visuels, les vid\u00e9os, les intentions, les \u00e9motions, etc. Traduction\u200b Traduire est un processus bien plus complexe [&hellip;]<\/p>\n","protected":false},"author":1,"featured_media":0,"parent":0,"menu_order":0,"comment_status":"closed","ping_status":"closed","template":"","meta":{"_seopress_robots_primary_cat":"","_seopress_titles_title":"Traduction Documens %%sep%% Nos services","_seopress_titles_desc":"","_seopress_robots_index":"","site-sidebar-layout":"no-sidebar","site-content-layout":"page-builder","ast-site-content-layout":"","site-content-style":"default","site-sidebar-style":"default","ast-global-header-display":"","ast-banner-title-visibility":"","ast-main-header-display":"","ast-hfb-above-header-display":"","ast-hfb-below-header-display":"","ast-hfb-mobile-header-display":"","site-post-title":"disabled","ast-breadcrumbs-content":"","ast-featured-img":"disabled","footer-sml-layout":"","theme-transparent-header-meta":"default","adv-header-id-meta":"","stick-header-meta":"","header-above-stick-meta":"","header-main-stick-meta":"","header-below-stick-meta":"","astra-migrate-meta-layouts":"default","ast-page-background-enabled":"default","ast-page-background-meta":{"desktop":{"background-color":"","background-image":"","background-repeat":"repeat","background-position":"center center","background-size":"auto","background-attachment":"scroll","background-type":"","background-media":"","overlay-type":"","overlay-color":"","overlay-gradient":""},"tablet":{"background-color":"","background-image":"","background-repeat":"repeat","background-position":"center center","background-size":"auto","background-attachment":"scroll","background-type":"","background-media":"","overlay-type":"","overlay-color":"","overlay-gradient":""},"mobile":{"background-color":"","background-image":"","background-repeat":"repeat","background-position":"center center","background-size":"auto","background-attachment":"scroll","background-type":"","background-media":"","overlay-type":"","overlay-color":"","overlay-gradient":""}},"ast-content-background-meta":{"desktop":{"background-color":"var(--ast-global-color-5)","background-image":"","background-repeat":"repeat","background-position":"center center","background-size":"auto","background-attachment":"scroll","background-type":"","background-media":"","overlay-type":"","overlay-color":"","overlay-gradient":""},"tablet":{"background-color":"var(--ast-global-color-5)","background-image":"","background-repeat":"repeat","background-position":"center center","background-size":"auto","background-attachment":"scroll","background-type":"","background-media":"","overlay-type":"","overlay-color":"","overlay-gradient":""},"mobile":{"background-color":"var(--ast-global-color-5)","background-image":"","background-repeat":"repeat","background-position":"center center","background-size":"auto","background-attachment":"scroll","background-type":"","background-media":"","overlay-type":"","overlay-color":"","overlay-gradient":""}},"footnotes":""},"class_list":["post-17532","page","type-page","status-publish","hentry"],"acf":[],"_links":{"self":[{"href":"https:\/\/documens.net\/fr-ca\/wp-json\/wp\/v2\/pages\/17532"}],"collection":[{"href":"https:\/\/documens.net\/fr-ca\/wp-json\/wp\/v2\/pages"}],"about":[{"href":"https:\/\/documens.net\/fr-ca\/wp-json\/wp\/v2\/types\/page"}],"author":[{"embeddable":true,"href":"https:\/\/documens.net\/fr-ca\/wp-json\/wp\/v2\/users\/1"}],"replies":[{"embeddable":true,"href":"https:\/\/documens.net\/fr-ca\/wp-json\/wp\/v2\/comments?post=17532"}],"version-history":[{"count":1,"href":"https:\/\/documens.net\/fr-ca\/wp-json\/wp\/v2\/pages\/17532\/revisions"}],"predecessor-version":[{"id":18146,"href":"https:\/\/documens.net\/fr-ca\/wp-json\/wp\/v2\/pages\/17532\/revisions\/18146"}],"wp:attachment":[{"href":"https:\/\/documens.net\/fr-ca\/wp-json\/wp\/v2\/media?parent=17532"}],"curies":[{"name":"wp","href":"https:\/\/api.w.org\/{rel}","templated":true}]}}